{"id":950,"date":"2023-07-13T15:57:44","date_gmt":"2023-07-13T13:57:44","guid":{"rendered":"https:\/\/anteaprofesional.com\/privacy-policy\/"},"modified":"2023-09-22T13:13:56","modified_gmt":"2023-09-22T11:13:56","slug":"privacy-policy","status":"publish","type":"page","link":"https:\/\/anteaprofesional.com\/en\/privacy-policy\/","title":{"rendered":"Privacy policy"},"content":{"rendered":"<header class=\"entry-header\">&#13;\n<h1 class=\"entry-title wp-block-heading\">Privacy policy<\/h1>&#13;\n<\/header>&#13;\n<div class=\"entry-content\">&#13;\n<div class=\"elementor elementor-3\" data-elementor-type=\"wp-page\" data-elementor-id=\"3\">&#13;\n<div class=\"elementor-inner\">&#13;\n<div class=\"elementor-section-wrap\">&#13;\n<section class=\"elementor-section elementor-top-section elementor-element elementor-element-70fe0931 elementor-section-boxed elementor-section-height-default elementor-section-height-default\" data-id=\"70fe0931\" data-element_type=\"section\">&#13;\n<div class=\"elementor-container elementor-column-gap-default\">&#13;\n<div class=\"elementor-row\">&#13;\n<div class=\"elementor-column elementor-col-100 elementor-top-column elementor-element elementor-element-77534e86\" data-id=\"77534e86\" data-element_type=\"column\">&#13;\n<div class=\"elementor-column-wrap elementor-element-populated\">&#13;\n<div class=\"elementor-widget-wrap\">&#13;\n<div class=\"elementor-element elementor-element-53f4d5a8 elementor-widget elementor-widget-text-editor\" data-id=\"53f4d5a8\" data-element_type=\"widget\" data-widget_type=\"text-editor.default\">&#13;\n<div class=\"elementor-widget-container\">&#13;\n<div class=\"elementor-text-editor elementor-clearfix\">&#13;\n<h4>PRIVACY AND PERSONAL DATA PROTECTION<\/h4>&#13;\nDesde Antea profesional nos tomamos muy en serio la materia de protecci\u00f3n de datos y las obligaciones que ello implica. Es muy importante mantener informados todos nuestros clientes y suscriptores de nuestras obligaciones y de sus derechos, as\u00ed como resolver cualquier duda y solicitud respecto a sus datos.&#13;\n<h4>DATA CONTROLLER<\/h4>&#13;\n<ul>&#13;\n<li>Laboratorios Antea S.A. \u2013A78237393<\/li>&#13;\n<li>C\/ Arag\u00f3n 34, Mejorada del Campo. Madrid (Espa\u00f1a)<\/li>&#13;\n<li>Tel\u00e9fono:\u00a0<a href=\"tel:+34916680578\">916680578<\/a><\/li>&#13;\n<li><a href=\"mailto:anteapro@anteaprofesional.com\">anteapro@anteaprofesional.com<\/a><\/li>&#13;\n<\/ul>&#13;\n<br\/>&#13;\n<h4>DATA WE HAVE<\/h4>&#13;\nEn algunos casos, y siempre con el consentimiento y conocimiento del interesado, se puede almacenar la direcci\u00f3n o informaci\u00f3n adicional. En todos los casos se puede dirigir al responsable del tratamiento de datos anteriormente especificado para solicitar la relaci\u00f3n de datos, la modificaci\u00f3n o la cancelaci\u00f3n.<br\/><br\/><i>Clientes<\/i><br\/>En el caso de los clientes se almacenan los datos derivados directamente de la relaci\u00f3n comercial, as\u00ed como los datos de contacto y env\u00edo, forma de pago (no se almacena ning\u00fan dato relativo a las tarjetas de debito\/cr\u00e9dito), productos adquiridos, mensajes y correos electr\u00f3nicos enviados del\/al cliente.<br\/><br\/><i>Newsletter<\/i><br\/>En el caso de los contactos de newsletter o clientes potenciales se almacena la direcci\u00f3n de correo electr\u00f3nico, y en el caso de los contactos profesionales, el Nombre, Tel\u00e9fono y correo electr\u00f3nico.<br\/><br\/>&#13;\n<h4>WHAT IS THE PURPOSE?<\/h4>&#13;\nEn NING\u00daN caso la empresa Laboratorios Antea cede los datos facilitados a ning\u00fan tercero salvo en los casos en que exista una obligaci\u00f3n legal.<br\/><br\/><i>Clientes<\/i><br\/>En Laboratorios Antea tratamos la informaci\u00f3n que nos facilita con el fin de prestarles el servicio solicitado, realizar la facturaci\u00f3n del mismo. Los datos proporcionados se conservar\u00e1n mientras se mantenga la relaci\u00f3n comercial o el cliente no especifique lo contrario o durante el tiempo necesario para cumplir con las obligaciones legales.<br\/><br\/><i>Newsletter<\/i><br\/>En Laboratorios Antea tratamos la informaci\u00f3n que nos facilita con el fin de enviarle publicidad relacionada con nuestros productos y servicios por cualquier medio (postal, email o tel\u00e9fono) e invitarle a eventos organizados por la empresa. Los datos proporcionados se conservar\u00e1n mientras no solicite el cese de la actividad.<br\/><br\/>&#13;\n<h4>HOW CAN I REQUEST THE CANCELLATION OF MY DATA OR COMMUNICATIONS?<\/h4>&#13;\nUsted tiene derecho a obtener confirmaci\u00f3n sobre si en Laboratorios Antea estamos tratando sus datos personales por tanto tiene derecho a acceder a sus datos personales, rectificar los datos inexactos o solicitar su supresi\u00f3n de los datos.<br\/><br\/>Es de obligaci\u00f3n dar de baja de nuestra base de datos los datos que tenemos almacenados si as\u00ed lo solicita el cliente. Puede dirigirse a\u00a0<a href=\"https:\/\/anteaprofesional.com\/politica-privacidad\/anteapro@anteaprofesional.com\">anteapro@anteaprofesional.com<\/a>\u00a0desde la direcci\u00f3n de correo asociada al usuario para poder gestionar la baja o la modificaci\u00f3n oportuna. En el caso de no tener el correo electr\u00f3nico asociada a la cuenta, nos deber\u00e1 proporcionar alg\u00fan dato identificativo para poder asociar la cuenta de usuario.<br\/><br\/>En cualquier caso podremos ponernos en contacto mediante tel\u00e9fono, correo electr\u00f3nico, correo postal o de modo presencial para poder asegurar la fiabilidad de los datos y evitar la suplantaci\u00f3n de la identidad que alguno de nuestros clientes.<br\/><br\/>&#13;\n<h4>STORAGE TIME<\/h4>&#13;\n<i>Clientes<\/i><br\/>Los datos se almacenaran mientras exista una relaci\u00f3n comercial. Finalizada la relaci\u00f3n se conservaran los datos necesarios para asegurar el cumplimiento legal.<br\/><br\/><i>Newsletter<\/i><br\/>Los datos se almacenaran mientras no se especifique la baja del servicio o el usuario as\u00ed lo manifieste.<\/div>&#13;\n<\/div>&#13;\n<\/div>&#13;\n<\/div>&#13;\n<\/div>&#13;\n<\/div>&#13;\n<\/div>&#13;\n<\/div>&#13;\n<\/section>&#13;\n<\/div>&#13;\n<\/div>&#13;\n<\/div>&#13;\n<\/div>&#13;\n","protected":false},"excerpt":{"rendered":"<p>&#13; Privacy policy &#13; &#13; &#13; &#13; &#13; &#13; &#13; &#13; &#13; &#13; &#13; &#13; &#13; &#13; &#13; PRIVACY AND PERSONAL DATA PROTECTION &#13; Desde Antea profesional nos tomamos muy en serio la materia de protecci\u00f3n de datos y las obligaciones que ello implica. Es muy importante mantener informados todos nuestros clientes y suscriptores de [&#8230;]\n","protected":false},"author":1,"featured_media":853,"parent":0,"menu_order":4,"comment_status":"closed","ping_status":"closed","template":"","meta":{"_joinchat":[],"footnotes":""},"class_list":["post-950","page","type-page","status-publish","has-post-thumbnail","hentry"],"yoast_head":"<!-- This site is optimized with the Yoast SEO Premium plugin v20.11 (Yoast SEO v27.4) - https:\/\/yoast.com\/product\/yoast-seo-premium-wordpress\/ -->\n<title>Privacy policy | Laboratorios Antea<\/title>\n<meta name=\"robots\" content=\"noindex, follow\" \/>\n<meta property=\"og:locale\" content=\"en_US\" \/>\n<meta property=\"og:type\" content=\"article\" \/>\n<meta property=\"og:title\" content=\"Privacy policy\" \/>\n<meta property=\"og:description\" content=\"&#013; Privacy policy &#013; &#013; &#013; &#013; &#013; &#013; &#013; &#013; &#013; &#013; &#013; &#013; &#013; &#013; &#013; PRIVACY AND PERSONAL DATA PROTECTION &#013; Desde Antea profesional nos tomamos muy en serio la materia de protecci\u00f3n de datos y las obligaciones que ello implica. Es muy importante mantener informados todos nuestros clientes y suscriptores de [...]\" \/>\n<meta property=\"og:url\" content=\"https:\/\/anteaprofesional.com\/en\/privacy-policy\/\" \/>\n<meta property=\"og:site_name\" content=\"Laboratorios Antea\" \/>\n<meta property=\"article:modified_time\" content=\"2023-09-22T11:13:56+00:00\" \/>\n<meta property=\"og:image\" content=\"https:\/\/anteaprofesional.com\/wp-content\/uploads\/2023\/08\/banner-fabricacion.jpg\" \/>\n\t<meta property=\"og:image:width\" content=\"1600\" \/>\n\t<meta property=\"og:image:height\" content=\"565\" \/>\n\t<meta property=\"og:image:type\" content=\"image\/jpeg\" \/>\n<meta name=\"twitter:card\" content=\"summary_large_image\" \/>\n<meta name=\"twitter:label1\" content=\"Est. reading time\" \/>\n\t<meta name=\"twitter:data1\" content=\"3 minutes\" \/>\n<script type=\"application\/ld+json\" class=\"yoast-schema-graph\">{\"@context\":\"https:\\\/\\\/schema.org\",\"@graph\":[{\"@type\":\"WebPage\",\"@id\":\"https:\\\/\\\/anteaprofesional.com\\\/en\\\/privacy-policy\\\/\",\"url\":\"https:\\\/\\\/anteaprofesional.com\\\/en\\\/privacy-policy\\\/\",\"name\":\"Privacy policy | Laboratorios Antea\",\"isPartOf\":{\"@id\":\"https:\\\/\\\/anteaprofesional.com\\\/#website\"},\"primaryImageOfPage\":{\"@id\":\"https:\\\/\\\/anteaprofesional.com\\\/en\\\/privacy-policy\\\/#primaryimage\"},\"image\":{\"@id\":\"https:\\\/\\\/anteaprofesional.com\\\/en\\\/privacy-policy\\\/#primaryimage\"},\"thumbnailUrl\":\"https:\\\/\\\/anteaprofesional.com\\\/wp-content\\\/uploads\\\/2023\\\/08\\\/banner-fabricacion.jpg\",\"datePublished\":\"2023-07-13T13:57:44+00:00\",\"dateModified\":\"2023-09-22T11:13:56+00:00\",\"breadcrumb\":{\"@id\":\"https:\\\/\\\/anteaprofesional.com\\\/en\\\/privacy-policy\\\/#breadcrumb\"},\"inLanguage\":\"en-US\",\"potentialAction\":[{\"@type\":\"ReadAction\",\"target\":[\"https:\\\/\\\/anteaprofesional.com\\\/en\\\/privacy-policy\\\/\"]}]},{\"@type\":\"ImageObject\",\"inLanguage\":\"en-US\",\"@id\":\"https:\\\/\\\/anteaprofesional.com\\\/en\\\/privacy-policy\\\/#primaryimage\",\"url\":\"https:\\\/\\\/anteaprofesional.com\\\/wp-content\\\/uploads\\\/2023\\\/08\\\/banner-fabricacion.jpg\",\"contentUrl\":\"https:\\\/\\\/anteaprofesional.com\\\/wp-content\\\/uploads\\\/2023\\\/08\\\/banner-fabricacion.jpg\",\"width\":1600,\"height\":565,\"caption\":\"fabricacion antea\"},{\"@type\":\"BreadcrumbList\",\"@id\":\"https:\\\/\\\/anteaprofesional.com\\\/en\\\/privacy-policy\\\/#breadcrumb\",\"itemListElement\":[{\"@type\":\"ListItem\",\"position\":1,\"name\":\"Home\",\"item\":\"https:\\\/\\\/anteaprofesional.com\\\/en\\\/\"},{\"@type\":\"ListItem\",\"position\":2,\"name\":\"Privacy policy\"}]},{\"@type\":\"WebSite\",\"@id\":\"https:\\\/\\\/anteaprofesional.com\\\/#website\",\"url\":\"https:\\\/\\\/anteaprofesional.com\\\/\",\"name\":\"Laboratorios Antea\",\"description\":\"\",\"potentialAction\":[{\"@type\":\"SearchAction\",\"target\":{\"@type\":\"EntryPoint\",\"urlTemplate\":\"https:\\\/\\\/anteaprofesional.com\\\/?s={search_term_string}\"},\"query-input\":{\"@type\":\"PropertyValueSpecification\",\"valueRequired\":true,\"valueName\":\"search_term_string\"}}],\"inLanguage\":\"en-US\"}]}<\/script>\n<!-- \/ Yoast SEO Premium plugin. -->","yoast_head_json":{"title":"Privacy policy | Laboratorios Antea","robots":{"index":"noindex","follow":"follow"},"og_locale":"en_US","og_type":"article","og_title":"Privacy policy","og_description":"&#13; Privacy policy &#13; &#13; &#13; &#13; &#13; &#13; &#13; &#13; &#13; &#13; &#13; &#13; &#13; &#13; &#13; PRIVACY AND PERSONAL DATA PROTECTION &#13; Desde Antea profesional nos tomamos muy en serio la materia de protecci\u00f3n de datos y las obligaciones que ello implica. Es muy importante mantener informados todos nuestros clientes y suscriptores de [...]","og_url":"https:\/\/anteaprofesional.com\/en\/privacy-policy\/","og_site_name":"Laboratorios Antea","article_modified_time":"2023-09-22T11:13:56+00:00","og_image":[{"width":1600,"height":565,"url":"https:\/\/anteaprofesional.com\/wp-content\/uploads\/2023\/08\/banner-fabricacion.jpg","type":"image\/jpeg"}],"twitter_card":"summary_large_image","twitter_misc":{"Est. reading time":"3 minutes"},"schema":{"@context":"https:\/\/schema.org","@graph":[{"@type":"WebPage","@id":"https:\/\/anteaprofesional.com\/en\/privacy-policy\/","url":"https:\/\/anteaprofesional.com\/en\/privacy-policy\/","name":"Privacy policy | Laboratorios Antea","isPartOf":{"@id":"https:\/\/anteaprofesional.com\/#website"},"primaryImageOfPage":{"@id":"https:\/\/anteaprofesional.com\/en\/privacy-policy\/#primaryimage"},"image":{"@id":"https:\/\/anteaprofesional.com\/en\/privacy-policy\/#primaryimage"},"thumbnailUrl":"https:\/\/anteaprofesional.com\/wp-content\/uploads\/2023\/08\/banner-fabricacion.jpg","datePublished":"2023-07-13T13:57:44+00:00","dateModified":"2023-09-22T11:13:56+00:00","breadcrumb":{"@id":"https:\/\/anteaprofesional.com\/en\/privacy-policy\/#breadcrumb"},"inLanguage":"en-US","potentialAction":[{"@type":"ReadAction","target":["https:\/\/anteaprofesional.com\/en\/privacy-policy\/"]}]},{"@type":"ImageObject","inLanguage":"en-US","@id":"https:\/\/anteaprofesional.com\/en\/privacy-policy\/#primaryimage","url":"https:\/\/anteaprofesional.com\/wp-content\/uploads\/2023\/08\/banner-fabricacion.jpg","contentUrl":"https:\/\/anteaprofesional.com\/wp-content\/uploads\/2023\/08\/banner-fabricacion.jpg","width":1600,"height":565,"caption":"fabricacion antea"},{"@type":"BreadcrumbList","@id":"https:\/\/anteaprofesional.com\/en\/privacy-policy\/#breadcrumb","itemListElement":[{"@type":"ListItem","position":1,"name":"Home","item":"https:\/\/anteaprofesional.com\/en\/"},{"@type":"ListItem","position":2,"name":"Privacy policy"}]},{"@type":"WebSite","@id":"https:\/\/anteaprofesional.com\/#website","url":"https:\/\/anteaprofesional.com\/","name":"Laboratorios Antea","description":"","potentialAction":[{"@type":"SearchAction","target":{"@type":"EntryPoint","urlTemplate":"https:\/\/anteaprofesional.com\/?s={search_term_string}"},"query-input":{"@type":"PropertyValueSpecification","valueRequired":true,"valueName":"search_term_string"}}],"inLanguage":"en-US"}]}},"_links":{"self":[{"href":"https:\/\/anteaprofesional.com\/en\/wp-json\/wp\/v2\/pages\/950","targetHints":{"allow":["GET"]}}],"collection":[{"href":"https:\/\/anteaprofesional.com\/en\/wp-json\/wp\/v2\/pages"}],"about":[{"href":"https:\/\/anteaprofesional.com\/en\/wp-json\/wp\/v2\/types\/page"}],"author":[{"embeddable":true,"href":"https:\/\/anteaprofesional.com\/en\/wp-json\/wp\/v2\/users\/1"}],"replies":[{"embeddable":true,"href":"https:\/\/anteaprofesional.com\/en\/wp-json\/wp\/v2\/comments?post=950"}],"version-history":[{"count":3,"href":"https:\/\/anteaprofesional.com\/en\/wp-json\/wp\/v2\/pages\/950\/revisions"}],"predecessor-version":[{"id":953,"href":"https:\/\/anteaprofesional.com\/en\/wp-json\/wp\/v2\/pages\/950\/revisions\/953"}],"wp:featuredmedia":[{"embeddable":true,"href":"https:\/\/anteaprofesional.com\/en\/wp-json\/wp\/v2\/media\/853"}],"wp:attachment":[{"href":"https:\/\/anteaprofesional.com\/en\/wp-json\/wp\/v2\/media?parent=950"}],"curies":[{"name":"wp","href":"https:\/\/api.w.org\/{rel}","templated":true}]}}